{"id":10262,"date":"2022-06-03T07:43:08","date_gmt":"2022-06-03T06:43:08","guid":{"rendered":"https:\/\/thesteingroup.com\/dev_tsg\/privacy-policy\/"},"modified":"2022-06-28T09:34:42","modified_gmt":"2022-06-28T08:34:42","slug":"politica-de-privacidad","status":"publish","type":"page","link":"https:\/\/thesteingroup.com\/es\/politica-de-privacidad\/","title":{"rendered":"Poli\u0301tica de Privacidad"},"content":{"rendered":"\t\t<div data-elementor-type=\"wp-page\" data-elementor-id=\"10262\" class=\"elementor elementor-10262 elementor-9062\" data-elementor-post-type=\"page\">\n\t\t\t\t\t\t<section class=\"elementor-section elementor-top-section elementor-element elementor-element-e3bed2d legal-padding elementor-section-boxed elementor-section-height-default elementor-section-height-default\" data-id=\"e3bed2d\" data-element_type=\"section\" data-e-type=\"section\" data-settings=\"{&quot;background_background&quot;:&quot;classic&quot;,&quot;animation&quot;:&quot;none&quot;}\">\n\t\t\t\t\t\t<div class=\"elementor-container elementor-column-gap-default\">\n\t\t\t\t\t<div class=\"elementor-column elementor-col-100 elementor-top-column elementor-element elementor-element-158ff6e2\" data-id=\"158ff6e2\" data-element_type=\"column\" data-e-type=\"column\">\n\t\t\t<div class=\"elementor-widget-wrap elementor-element-populated\">\n\t\t\t\t\t\t<div class=\"elementor-element elementor-element-192857e5 elementor-widget elementor-widget-heading\" data-id=\"192857e5\" data-element_type=\"widget\" data-e-type=\"widget\" data-widget_type=\"heading.default\">\n\t\t\t\t<div class=\"elementor-widget-container\">\n\t\t\t\t\t<h2 class=\"elementor-heading-title elementor-size-default\">Poli\u0301tica de Privacidad <\/h2>\t\t\t\t<\/div>\n\t\t\t\t<\/div>\n\t\t\t\t\t<\/div>\n\t\t<\/div>\n\t\t\t\t\t<\/div>\n\t\t<\/section>\n\t\t\t\t<section class=\"elementor-section elementor-top-section elementor-element elementor-element-232b26bf legal-padding elementor-section-boxed elementor-section-height-default elementor-section-height-default\" data-id=\"232b26bf\" data-element_type=\"section\" data-e-type=\"section\" data-settings=\"{&quot;animation&quot;:&quot;none&quot;}\">\n\t\t\t\t\t\t<div class=\"elementor-container elementor-column-gap-default\">\n\t\t\t\t\t<div class=\"elementor-column elementor-col-100 elementor-top-column elementor-element elementor-element-d2d4113\" data-id=\"d2d4113\" data-element_type=\"column\" data-e-type=\"column\">\n\t\t\t<div class=\"elementor-widget-wrap elementor-element-populated\">\n\t\t\t\t\t\t<div class=\"elementor-element elementor-element-05d2d99 legal-heading elementor-widget elementor-widget-heading\" data-id=\"05d2d99\" data-element_type=\"widget\" data-e-type=\"widget\" data-widget_type=\"heading.default\">\n\t\t\t\t<div class=\"elementor-widget-container\">\n\t\t\t\t\t<h2 class=\"elementor-heading-title elementor-size-default\">POL\u00cdTICA DE PRIVACIDAD THE STEIN GROUP, S.L.\n<\/h2>\t\t\t\t<\/div>\n\t\t\t\t<\/div>\n\t\t\t\t<div class=\"elementor-element elementor-element-c9f3ea3 legal-p elementor-widget elementor-widget-text-editor\" data-id=\"c9f3ea3\" data-element_type=\"widget\" data-e-type=\"widget\" data-widget_type=\"text-editor.default\">\n\t\t\t\t<div class=\"elementor-widget-container\">\n\t\t\t\t\t\t\t\t\t<p>En THE STEIN GROUP, S.L. (en adelante, \u201cSTEIN\u201d), somos conscientes de la importancia de respetar la privacidad que exige la actual regulaci\u00f3n y estamos comprometidos a proteger la seguridad, integridad, veracidad y confidencialidad de todos los datos personales de usuarios que tratemos.<\/p><p>A trav\u00e9s de esta Pol\u00edtica de Privacidad le informamos acerca de c\u00f3mo recogemos, tratamos y protegemos sus datos personales al acceder a nuestra p\u00e1gina web, adem\u00e1s de proporcionarle informaci\u00f3n sobre sus derechos, relativos a la privacidad y la protecci\u00f3n que le proporciona la normativa vigente.<\/p>\t\t\t\t\t\t\t\t<\/div>\n\t\t\t\t<\/div>\n\t\t\t\t\t<\/div>\n\t\t<\/div>\n\t\t\t\t\t<\/div>\n\t\t<\/section>\n\t\t\t\t<section class=\"elementor-section elementor-top-section elementor-element elementor-element-769288e legal-padding elementor-section-boxed elementor-section-height-default elementor-section-height-default\" data-id=\"769288e\" data-element_type=\"section\" data-e-type=\"section\" data-settings=\"{&quot;animation&quot;:&quot;none&quot;}\">\n\t\t\t\t\t\t<div class=\"elementor-container elementor-column-gap-default\">\n\t\t\t\t\t<div class=\"elementor-column elementor-col-100 elementor-top-column elementor-element elementor-element-af20d53\" data-id=\"af20d53\" data-element_type=\"column\" data-e-type=\"column\">\n\t\t\t<div class=\"elementor-widget-wrap elementor-element-populated\">\n\t\t\t\t\t\t<div class=\"elementor-element elementor-element-9b9e0e8 legal-heading elementor-widget elementor-widget-heading\" data-id=\"9b9e0e8\" data-element_type=\"widget\" data-e-type=\"widget\" data-widget_type=\"heading.default\">\n\t\t\t\t<div class=\"elementor-widget-container\">\n\t\t\t\t\t<h2 class=\"elementor-heading-title elementor-size-default\">1. \u00bfQUI\u00c9N ES EL RESPONSABLE DEL TRATAMIENTO?\n\n<\/h2>\t\t\t\t<\/div>\n\t\t\t\t<\/div>\n\t\t\t\t<div class=\"elementor-element elementor-element-ee583db legal-p elementor-widget elementor-widget-text-editor\" data-id=\"ee583db\" data-element_type=\"widget\" data-e-type=\"widget\" data-widget_type=\"text-editor.default\">\n\t\t\t\t<div class=\"elementor-widget-container\">\n\t\t\t\t\t\t\t\t\t<p>El Responsable del tratamiento de sus datos personales es STEIN. A continuaci\u00f3n, le detallamos nuestros datos de contacto:<\/p><ul><li>Raz\u00f3n social: THE STEIN GROUP, S.L.<\/li><li>I.F: B07565153<\/li><li>Direcci\u00f3n: Calle Castillo Son Net, S\/N, 07194 Puigpunyent, Baleares, Espa\u00f1a.<\/li><li>Correo electr\u00f3nico:<\/li><\/ul>\t\t\t\t\t\t\t\t<\/div>\n\t\t\t\t<\/div>\n\t\t\t\t\t<\/div>\n\t\t<\/div>\n\t\t\t\t\t<\/div>\n\t\t<\/section>\n\t\t\t\t<section class=\"elementor-section elementor-top-section elementor-element elementor-element-a1023b0 legal-padding elementor-section-boxed elementor-section-height-default elementor-section-height-default\" data-id=\"a1023b0\" data-element_type=\"section\" data-e-type=\"section\" data-settings=\"{&quot;animation&quot;:&quot;none&quot;}\">\n\t\t\t\t\t\t<div class=\"elementor-container elementor-column-gap-default\">\n\t\t\t\t\t<div class=\"elementor-column elementor-col-100 elementor-top-column elementor-element elementor-element-e057603\" data-id=\"e057603\" data-element_type=\"column\" data-e-type=\"column\">\n\t\t\t<div class=\"elementor-widget-wrap elementor-element-populated\">\n\t\t\t\t\t\t<div class=\"elementor-element elementor-element-69ddee5 legal-heading elementor-widget elementor-widget-heading\" data-id=\"69ddee5\" data-element_type=\"widget\" data-e-type=\"widget\" data-widget_type=\"heading.default\">\n\t\t\t\t<div class=\"elementor-widget-container\">\n\t\t\t\t\t<h2 class=\"elementor-heading-title elementor-size-default\">2. \u00bfCON QU\u00c9 FINALIDAD TRATAMOS SUS DATOS PERSONALES?<\/h2>\t\t\t\t<\/div>\n\t\t\t\t<\/div>\n\t\t\t\t<div class=\"elementor-element elementor-element-0215831 legal-p elementor-widget elementor-widget-text-editor\" data-id=\"0215831\" data-element_type=\"widget\" data-e-type=\"widget\" data-widget_type=\"text-editor.default\">\n\t\t\t\t<div class=\"elementor-widget-container\">\n\t\t\t\t\t\t\t\t\t<p>A trav\u00e9s de la presente p\u00e1gina web, trataremos sus datos personales para las siguientes finalidades:<\/p><ul><li>En su caso, tramitar y gestionar su solicitud de informaci\u00f3n sobre nuestros servicios a trav\u00e9s del formulario de contacto habilitado para ello.<\/li><li>En caso de que haya prestado su consentimiento para ello, remitirle publicaciones y <em>Newsletters<\/em> informativas sobre nuestros servicios.<\/li><li>Gestionar la informaci\u00f3n facilitada por las cookies t\u00e9cnicas instaladas en la p\u00e1gina web, tal y como se informa en nuestra Pol\u00edtica de Cookies.<\/li><\/ul><p><br \/>Adem\u00e1s, STEIN le informa de que en ning\u00fan caso tomamos decisiones automatizadas que produzcan efectos jur\u00eddicos sobre usted o que le afecten de forma similar.<\/p>\t\t\t\t\t\t\t\t<\/div>\n\t\t\t\t<\/div>\n\t\t\t\t\t<\/div>\n\t\t<\/div>\n\t\t\t\t\t<\/div>\n\t\t<\/section>\n\t\t\t\t<section class=\"elementor-section elementor-top-section elementor-element elementor-element-5b32459 legal-padding elementor-section-boxed elementor-section-height-default elementor-section-height-default\" data-id=\"5b32459\" data-element_type=\"section\" data-e-type=\"section\" data-settings=\"{&quot;animation&quot;:&quot;none&quot;}\">\n\t\t\t\t\t\t<div class=\"elementor-container elementor-column-gap-default\">\n\t\t\t\t\t<div class=\"elementor-column elementor-col-100 elementor-top-column elementor-element elementor-element-2e8fafb\" data-id=\"2e8fafb\" data-element_type=\"column\" data-e-type=\"column\">\n\t\t\t<div class=\"elementor-widget-wrap elementor-element-populated\">\n\t\t\t\t\t\t<div class=\"elementor-element elementor-element-f112370 legal-heading elementor-widget elementor-widget-heading\" data-id=\"f112370\" data-element_type=\"widget\" data-e-type=\"widget\" data-widget_type=\"heading.default\">\n\t\t\t\t<div class=\"elementor-widget-container\">\n\t\t\t\t\t<h2 class=\"elementor-heading-title elementor-size-default\">3. BASE LEG\u00cdTIMA PARA EL TRATAMIENTO DE SUS DATOS PERSONALES: <\/h2>\t\t\t\t<\/div>\n\t\t\t\t<\/div>\n\t\t\t\t<div class=\"elementor-element elementor-element-001dd1b legal-p elementor-widget elementor-widget-text-editor\" data-id=\"001dd1b\" data-element_type=\"widget\" data-e-type=\"widget\" data-widget_type=\"text-editor.default\">\n\t\t\t\t<div class=\"elementor-widget-container\">\n\t\t\t\t\t\t\t\t\t<p>La base leg\u00edtima para el tratamiento de sus datos personales es su consentimiento para los fines especificados.<\/p><p>No obstante, le informamos que la instalaci\u00f3n de las cookies t\u00e9cnicas no requiere el consentimiento del usuario (para m\u00e1s informaci\u00f3n al respecto puede consultar nuestra Pol\u00edtica de Cookies.<\/p><p>De igual forma, trataremos sus datos para el cumplimiento de obligaciones legales que sean de aplicaci\u00f3n, a t\u00edtulo enunciativo, pero no limitativo, la gesti\u00f3n de la respuesta cuando ejercite sus derechos de protecci\u00f3n de datos personales.<\/p><p>\u00a0<\/p>\t\t\t\t\t\t\t\t<\/div>\n\t\t\t\t<\/div>\n\t\t\t\t\t<\/div>\n\t\t<\/div>\n\t\t\t\t\t<\/div>\n\t\t<\/section>\n\t\t\t\t<section class=\"elementor-section elementor-top-section elementor-element elementor-element-2cead48 legal-padding elementor-section-boxed elementor-section-height-default elementor-section-height-default\" data-id=\"2cead48\" data-element_type=\"section\" data-e-type=\"section\" data-settings=\"{&quot;animation&quot;:&quot;none&quot;}\">\n\t\t\t\t\t\t<div class=\"elementor-container elementor-column-gap-default\">\n\t\t\t\t\t<div class=\"elementor-column elementor-col-100 elementor-top-column elementor-element elementor-element-331e063\" data-id=\"331e063\" data-element_type=\"column\" data-e-type=\"column\">\n\t\t\t<div class=\"elementor-widget-wrap elementor-element-populated\">\n\t\t\t\t\t\t<div class=\"elementor-element elementor-element-85807d3 legal-heading elementor-widget elementor-widget-heading\" data-id=\"85807d3\" data-element_type=\"widget\" data-e-type=\"widget\" data-widget_type=\"heading.default\">\n\t\t\t\t<div class=\"elementor-widget-container\">\n\t\t\t\t\t<h2 class=\"elementor-heading-title elementor-size-default\">4. COMUNICACI\u00d3N DE SUS DATOS PERSONALES: <\/h2>\t\t\t\t<\/div>\n\t\t\t\t<\/div>\n\t\t\t\t<div class=\"elementor-element elementor-element-ec5b3eb legal-p elementor-widget elementor-widget-text-editor\" data-id=\"ec5b3eb\" data-element_type=\"widget\" data-e-type=\"widget\" data-widget_type=\"text-editor.default\">\n\t\t\t\t<div class=\"elementor-widget-container\">\n\t\t\t\t\t\t\t\t\t<p>Sus datos podr\u00e1n ser comunicados a terceros, \u00fanica y exclusivamente para garantizar la prestaci\u00f3n de los servicios que le ofrecemos. A este efecto, STEIN no compartir\u00e1 ning\u00fan dato de car\u00e1cter personal sin su consentimiento para finalidades distintas, salvo que exista una obligaci\u00f3n legal.<\/p><p>Asimismo, no transferiremos sus datos personales fuera del Espacio Econ\u00f3mico Europeo, y en el caso de que en alguna ocasi\u00f3n pudieran realizarse, se le informar\u00e1 previamente de dicha transferencia y se realizar\u00e1, en todo caso, en conformidad con la normativa vigente de protecci\u00f3n de datos.<\/p>\t\t\t\t\t\t\t\t<\/div>\n\t\t\t\t<\/div>\n\t\t\t\t\t<\/div>\n\t\t<\/div>\n\t\t\t\t\t<\/div>\n\t\t<\/section>\n\t\t\t\t<section class=\"elementor-section elementor-top-section elementor-element elementor-element-98528fe legal-padding elementor-section-boxed elementor-section-height-default elementor-section-height-default\" data-id=\"98528fe\" data-element_type=\"section\" data-e-type=\"section\" data-settings=\"{&quot;animation&quot;:&quot;none&quot;}\">\n\t\t\t\t\t\t<div class=\"elementor-container elementor-column-gap-default\">\n\t\t\t\t\t<div class=\"elementor-column elementor-col-100 elementor-top-column elementor-element elementor-element-f6df4fd\" data-id=\"f6df4fd\" data-element_type=\"column\" data-e-type=\"column\">\n\t\t\t<div class=\"elementor-widget-wrap elementor-element-populated\">\n\t\t\t\t\t\t<div class=\"elementor-element elementor-element-4f1b464 legal-heading elementor-widget elementor-widget-heading\" data-id=\"4f1b464\" data-element_type=\"widget\" data-e-type=\"widget\" data-widget_type=\"heading.default\">\n\t\t\t\t<div class=\"elementor-widget-container\">\n\t\t\t\t\t<h2 class=\"elementor-heading-title elementor-size-default\">5. . \u00bfPOR CU\u00c1NTO TIEMPO CONSERVAMOS SUS DATOS?<\/h2>\t\t\t\t<\/div>\n\t\t\t\t<\/div>\n\t\t\t\t<div class=\"elementor-element elementor-element-e309e0b legal-p elementor-widget elementor-widget-text-editor\" data-id=\"e309e0b\" data-element_type=\"widget\" data-e-type=\"widget\" data-widget_type=\"text-editor.default\">\n\t\t\t\t<div class=\"elementor-widget-container\">\n\t\t\t\t\t\t\t\t\t<p>En STEIN conservamos sus datos personales s\u00f3lo durante el tiempo necesario para cumplir con los fines para los que fueron recogidos.<\/p><p>No obstante, cuando necesitemos su consentimiento, los datos se conservar\u00e1n hasta que usted retire dicho consentimiento. En este sentido, respetaremos los plazos de prescripci\u00f3n legales aplicables, limit\u00e1ndolos a lo estrictamente necesario para los fines del tratamiento. Posteriormente, STEIN bloquear\u00e1 sus datos personales para impedir su tratamiento, salvo que sea necesario ponerlos a disposici\u00f3n de las Administraciones P\u00fablicas, Tribunales, Entidades de Arbitraje y Mediaci\u00f3n, para el cumplimiento de las obligaciones legales que puedan surgir.<\/p>\t\t\t\t\t\t\t\t<\/div>\n\t\t\t\t<\/div>\n\t\t\t\t\t<\/div>\n\t\t<\/div>\n\t\t\t\t\t<\/div>\n\t\t<\/section>\n\t\t\t\t<section class=\"elementor-section elementor-top-section elementor-element elementor-element-83e23bd legal-padding elementor-section-boxed elementor-section-height-default elementor-section-height-default\" data-id=\"83e23bd\" data-element_type=\"section\" data-e-type=\"section\" data-settings=\"{&quot;animation&quot;:&quot;none&quot;}\">\n\t\t\t\t\t\t<div class=\"elementor-container elementor-column-gap-default\">\n\t\t\t\t\t<div class=\"elementor-column elementor-col-100 elementor-top-column elementor-element elementor-element-e2eb94d\" data-id=\"e2eb94d\" data-element_type=\"column\" data-e-type=\"column\">\n\t\t\t<div class=\"elementor-widget-wrap elementor-element-populated\">\n\t\t\t\t\t\t<div class=\"elementor-element elementor-element-3b64606 legal-heading elementor-widget elementor-widget-heading\" data-id=\"3b64606\" data-element_type=\"widget\" data-e-type=\"widget\" data-widget_type=\"heading.default\">\n\t\t\t\t<div class=\"elementor-widget-container\">\n\t\t\t\t\t<h2 class=\"elementor-heading-title elementor-size-default\">6. \u00bfQU\u00c9 DERECHOS LE AMPARAN EN RELACI\u00d3N CON EL TRATAMIENTO DE SUS DATOS? <\/h2>\t\t\t\t<\/div>\n\t\t\t\t<\/div>\n\t\t\t\t<div class=\"elementor-element elementor-element-fc7e502 legal-p elementor-widget elementor-widget-text-editor\" data-id=\"fc7e502\" data-element_type=\"widget\" data-e-type=\"widget\" data-widget_type=\"text-editor.default\">\n\t\t\t\t<div class=\"elementor-widget-container\">\n\t\t\t\t\t\t\t\t\t<p>Usted tiene el derecho a obtener informaci\u00f3n sobre el tratamiento que STEIN hace sobre sus datos personales. En particular usted tiene los siguientes derechos:\u00a0<\/p><ul><li><strong>Derecho de acceso <\/strong>a sus datos personales. Este derecho le permite recibir una copia de los datos personales que tratamos sobre usted para comprobar que estamos tratando sus datos de forma legal.<\/li><li><strong>Derecho de rectificaci\u00f3n<\/strong> de sus datos personales. En caso de que la informaci\u00f3n obtenida sobre usted sea incompleta o inexacta, tiene derecho a pedirnos que la corrijamos.<\/li><li><strong>Derecho a <\/strong><strong>suprimir<\/strong> sus datos personales. Podr\u00e1 solicitar la supresi\u00f3n de su informaci\u00f3n personal en los casos en que sus datos ya no se requieran para llevar a cabo la finalidad para la cual fueron recabados, cuando retire su consentimiento en los casos donde este sea la base leg\u00edtima del tratamiento, siempre Ud. se oponga y no prevalezcan otros motivos, cuando sus datos sean tratados il\u00edcitamente o en los casos que la supresi\u00f3n responda al cumplimiento de una obligaci\u00f3n legal.<\/li><li><strong>Derecho a la portabilidad de sus datos personales. <\/strong>Usted tiene el derecho de recibir los datos personales que le conciernen, que ha proporcionado a STEIN, en un formato estructurado, de uso com\u00fan y lectura mec\u00e1nica, y a transmitirlos a otro responsable del tratamiento sin que lo impida el responsable al que se los hubiera facilitado, cuando: el tratamiento est\u00e9 basado en el consentimiento con arreglo al art\u00edculo 6, apartado 1, letra a), o el art\u00edculo 9, apartado 2, letra a), o en un contrato con arreglo al art\u00edculo 6, apartado 1, letra b), y el tratamiento se efect\u00fae por medios automatizados.<\/li><li><strong>Derecho a oponerse al tratamiento de sus datos personales <\/strong>cuando nos basemos en un inter\u00e9s leg\u00edtimo (o en los de un tercero) y haya algo en su situaci\u00f3n particular que le haga oponerse al tratamiento por este motivo, ya que considera que afecta a sus derechos y libertades fundamentales.<\/li><li><strong>Derecho a solicitar la limitaci\u00f3n del tratamiento de sus datos personales. <\/strong>Esto le permite pedirnos que suspendamos el tratamiento de sus datos personales en los siguientes casos (a) si quiere que establezcamos la exactitud de los datos; (b) cuando el uso que hacemos de los datos es ilegal pero no quiere que los borremos; (c) cuando necesita que conservemos los datos, aunque ya no los necesitemos porque los necesita para establecer, ejercer o defender reclamaciones legales; o (d) si se ha opuesto a que utilicemos sus datos, pero necesitamos verificar si tenemos motivos leg\u00edtimos imperiosos para utilizarlos.<\/li><li><strong>Derecho a retirar el consentimiento<\/strong>. Cuando el tratamiento de los datos personales se base en su consentimiento, podr\u00e1 retirarlo en cualquier momento. Sin embargo, la retirada del consentimiento no afectara a la legalidad del tratamiento anterior a dicha retirada.<br \/><br \/><\/li><\/ul><p>Tambi\u00e9n tiene derecho a presentar una reclamaci\u00f3n ante la autoridad de control competente si considera que el tratamiento de sus datos personales infringe la legislaci\u00f3n aplicable: <a href=\"http:\/\/www.aepd.es\">www.aepd.es<\/a>.<\/p><p>Para m\u00e1s informaci\u00f3n sobre sus derechos, as\u00ed como para ejercer sus derechos referidos puede dirigirse a STEIN bien por email en la direcci\u00f3n de correo electr\u00f3nico: o bien por correo postal dirigido a STEIN a la direcci\u00f3n: C\/ Castillo Son Net, 07194, Puigpunyent, indicando \u201cProtecci\u00f3n de datos\u201d como referencia en el sobre (en caso de optar por el correo postal) o en el asunto (en caso de optar por el email).<\/p><p>\u00a0<\/p>\t\t\t\t\t\t\t\t<\/div>\n\t\t\t\t<\/div>\n\t\t\t\t\t<\/div>\n\t\t<\/div>\n\t\t\t\t\t<\/div>\n\t\t<\/section>\n\t\t\t\t<section class=\"elementor-section elementor-top-section elementor-element elementor-element-baebaf1 legal-padding elementor-section-boxed elementor-section-height-default elementor-section-height-default\" data-id=\"baebaf1\" data-element_type=\"section\" data-e-type=\"section\" data-settings=\"{&quot;animation&quot;:&quot;none&quot;}\">\n\t\t\t\t\t\t<div class=\"elementor-container elementor-column-gap-default\">\n\t\t\t\t\t<div class=\"elementor-column elementor-col-100 elementor-top-column elementor-element elementor-element-e56ea07\" data-id=\"e56ea07\" data-element_type=\"column\" data-e-type=\"column\">\n\t\t\t<div class=\"elementor-widget-wrap elementor-element-populated\">\n\t\t\t\t\t\t<div class=\"elementor-element elementor-element-8b2eefa legal-heading elementor-widget elementor-widget-heading\" data-id=\"8b2eefa\" data-element_type=\"widget\" data-e-type=\"widget\" data-widget_type=\"heading.default\">\n\t\t\t\t<div class=\"elementor-widget-container\">\n\t\t\t\t\t<h2 class=\"elementor-heading-title elementor-size-default\">7. ACTUALIZACIONES DE LA POL\u00cdTICA <\/h2>\t\t\t\t<\/div>\n\t\t\t\t<\/div>\n\t\t\t\t<div class=\"elementor-element elementor-element-af3cfd8 legal-p elementor-widget elementor-widget-text-editor\" data-id=\"af3cfd8\" data-element_type=\"widget\" data-e-type=\"widget\" data-widget_type=\"text-editor.default\">\n\t\t\t\t<div class=\"elementor-widget-container\">\n\t\t\t\t\t\t\t\t\t<p>STEIN se reserva el derecho a modificar la Pol\u00edtica de Privacidad para adaptarla a las novedades legislativas o jurisprudenciales, y para responder a cambios organizacionales.<\/p><p>Ocasionalmente podemos cambiar esta pol\u00edtica, por ejemplo, para cumplir con nuevos requisitos impuestos por las leyes aplicables o requisitos t\u00e9cnicos.\u00a0Publicaremos la pol\u00edtica actualizada en el sitio web.\u00a0Tambi\u00e9n podemos notificarle en caso de cambios materiales y solicitar su consentimiento para dichos cambios, cuando as\u00ed lo exija la ley aplicable.\u00a0<\/p>\t\t\t\t\t\t\t\t<\/div>\n\t\t\t\t<\/div>\n\t\t\t\t\t<\/div>\n\t\t<\/div>\n\t\t\t\t\t<\/div>\n\t\t<\/section>\n\t\t\t\t<\/div>\n\t\t","protected":false},"excerpt":{"rendered":"<p>Poli\u0301tica de Privacidad POL\u00cdTICA DE PRIVACIDAD THE STEIN GROUP, S.L. En THE STEIN GROUP, S.L. (en adelante, \u201cSTEIN\u201d), somos conscientes de la importancia de respetar la privacidad que exige la actual regulaci\u00f3n y estamos comprometidos a proteger la seguridad, integridad, veracidad y confidencialidad de todos los datos personales de usuarios que tratemos. A trav\u00e9s de [&hellip;]<\/p>\n","protected":false},"author":1,"featured_media":0,"parent":0,"menu_order":0,"comment_status":"closed","ping_status":"closed","template":"","meta":{"footnotes":""},"class_list":["post-10262","page","type-page","status-publish","hentry"],"_links":{"self":[{"href":"https:\/\/thesteingroup.com\/es\/wp-json\/wp\/v2\/pages\/10262","targetHints":{"allow":["GET"]}}],"collection":[{"href":"https:\/\/thesteingroup.com\/es\/wp-json\/wp\/v2\/pages"}],"about":[{"href":"https:\/\/thesteingroup.com\/es\/wp-json\/wp\/v2\/types\/page"}],"author":[{"embeddable":true,"href":"https:\/\/thesteingroup.com\/es\/wp-json\/wp\/v2\/users\/1"}],"replies":[{"embeddable":true,"href":"https:\/\/thesteingroup.com\/es\/wp-json\/wp\/v2\/comments?post=10262"}],"version-history":[{"count":58,"href":"https:\/\/thesteingroup.com\/es\/wp-json\/wp\/v2\/pages\/10262\/revisions"}],"predecessor-version":[{"id":12175,"href":"https:\/\/thesteingroup.com\/es\/wp-json\/wp\/v2\/pages\/10262\/revisions\/12175"}],"wp:attachment":[{"href":"https:\/\/thesteingroup.com\/es\/wp-json\/wp\/v2\/media?parent=10262"}],"curies":[{"name":"wp","href":"https:\/\/api.w.org\/{rel}","templated":true}]}}