{"id":10230,"date":"2022-06-03T07:28:55","date_gmt":"2022-06-03T06:28:55","guid":{"rendered":"https:\/\/thesteingroup.com\/dev_tsg\/cookies-policy\/"},"modified":"2022-06-28T09:33:18","modified_gmt":"2022-06-28T08:33:18","slug":"politica-de-cookies","status":"publish","type":"page","link":"https:\/\/thesteingroup.com\/es\/politica-de-cookies\/","title":{"rendered":"POL\u00cdTICA DE COOKIES"},"content":{"rendered":"\t\t<div data-elementor-type=\"wp-page\" data-elementor-id=\"10230\" class=\"elementor elementor-10230 elementor-9004\" data-elementor-post-type=\"page\">\n\t\t\t\t\t\t<section class=\"elementor-section elementor-top-section elementor-element elementor-element-e3bed2d legal-padding elementor-section-boxed elementor-section-height-default elementor-section-height-default\" data-id=\"e3bed2d\" data-element_type=\"section\" data-e-type=\"section\" data-settings=\"{&quot;background_background&quot;:&quot;classic&quot;,&quot;animation&quot;:&quot;none&quot;}\">\n\t\t\t\t\t\t<div class=\"elementor-container elementor-column-gap-default\">\n\t\t\t\t\t<div class=\"elementor-column elementor-col-100 elementor-top-column elementor-element elementor-element-158ff6e2\" data-id=\"158ff6e2\" data-element_type=\"column\" data-e-type=\"column\">\n\t\t\t<div class=\"elementor-widget-wrap elementor-element-populated\">\n\t\t\t\t\t\t<div class=\"elementor-element elementor-element-192857e5 elementor-widget elementor-widget-heading\" data-id=\"192857e5\" data-element_type=\"widget\" data-e-type=\"widget\" data-widget_type=\"heading.default\">\n\t\t\t\t<div class=\"elementor-widget-container\">\n\t\t\t\t\t<h2 class=\"elementor-heading-title elementor-size-default\">Pol\u00edtica de Cookies<\/h2>\t\t\t\t<\/div>\n\t\t\t\t<\/div>\n\t\t\t\t\t<\/div>\n\t\t<\/div>\n\t\t\t\t\t<\/div>\n\t\t<\/section>\n\t\t\t\t<section class=\"elementor-section elementor-top-section elementor-element elementor-element-232b26bf legal-padding elementor-section-boxed elementor-section-height-default elementor-section-height-default\" data-id=\"232b26bf\" data-element_type=\"section\" data-e-type=\"section\" data-settings=\"{&quot;animation&quot;:&quot;none&quot;}\">\n\t\t\t\t\t\t<div class=\"elementor-container elementor-column-gap-default\">\n\t\t\t\t\t<div class=\"elementor-column elementor-col-100 elementor-top-column elementor-element elementor-element-d2d4113\" data-id=\"d2d4113\" data-element_type=\"column\" data-e-type=\"column\">\n\t\t\t<div class=\"elementor-widget-wrap elementor-element-populated\">\n\t\t\t\t\t\t<div class=\"elementor-element elementor-element-05d2d99 legal-heading elementor-widget elementor-widget-heading\" data-id=\"05d2d99\" data-element_type=\"widget\" data-e-type=\"widget\" data-widget_type=\"heading.default\">\n\t\t\t\t<div class=\"elementor-widget-container\">\n\t\t\t\t\t<h2 class=\"elementor-heading-title elementor-size-default\">I. OBJETO<\/h2>\t\t\t\t<\/div>\n\t\t\t\t<\/div>\n\t\t\t\t<div class=\"elementor-element elementor-element-c9f3ea3 legal-p elementor-widget elementor-widget-text-editor\" data-id=\"c9f3ea3\" data-element_type=\"widget\" data-e-type=\"widget\" data-widget_type=\"text-editor.default\">\n\t\t\t\t<div class=\"elementor-widget-container\">\n\t\t\t\t\t\t\t\t\t<p>El sitio web\u00a0www.thesteingroup.com (en adelante, el \u201cSitio Web\u201d) es titularidad de THE STEIN GROUP S.L. (en adelante, \u2018\u2019The Stein Group\u2019\u2019).<\/p><p>Esta Pol\u00edtica de Cookies tiene por objeto informarle de manera clara y precisa sobre las cookies que se utilizan en nuestro Sitio Web.\u00a0<\/p>\t\t\t\t\t\t\t\t<\/div>\n\t\t\t\t<\/div>\n\t\t\t\t\t<\/div>\n\t\t<\/div>\n\t\t\t\t\t<\/div>\n\t\t<\/section>\n\t\t\t\t<section class=\"elementor-section elementor-top-section elementor-element elementor-element-769288e legal-padding elementor-section-boxed elementor-section-height-default elementor-section-height-default\" data-id=\"769288e\" data-element_type=\"section\" data-e-type=\"section\" data-settings=\"{&quot;animation&quot;:&quot;none&quot;}\">\n\t\t\t\t\t\t<div class=\"elementor-container elementor-column-gap-default\">\n\t\t\t\t\t<div class=\"elementor-column elementor-col-100 elementor-top-column elementor-element elementor-element-af20d53\" data-id=\"af20d53\" data-element_type=\"column\" data-e-type=\"column\">\n\t\t\t<div class=\"elementor-widget-wrap elementor-element-populated\">\n\t\t\t\t\t\t<div class=\"elementor-element elementor-element-9b9e0e8 legal-heading elementor-widget elementor-widget-heading\" data-id=\"9b9e0e8\" data-element_type=\"widget\" data-e-type=\"widget\" data-widget_type=\"heading.default\">\n\t\t\t\t<div class=\"elementor-widget-container\">\n\t\t\t\t\t<h2 class=\"elementor-heading-title elementor-size-default\">II. \u00bfQU\u00c9 SON LAS COOKIES? \n<\/h2>\t\t\t\t<\/div>\n\t\t\t\t<\/div>\n\t\t\t\t<div class=\"elementor-element elementor-element-ee583db legal-p elementor-widget elementor-widget-text-editor\" data-id=\"ee583db\" data-element_type=\"widget\" data-e-type=\"widget\" data-widget_type=\"text-editor.default\">\n\t\t\t\t<div class=\"elementor-widget-container\">\n\t\t\t\t\t\t\t\t\t<p>Las cookies son peque\u00f1os archivos que se descargan en su equipo (ordenador, tel\u00e9fono m\u00f3vil u otro dispositivo con acceso on-line) cuando usted visita una determinada\u00a0p\u00e1gina web, con la finalidad de almacenar informaci\u00f3n relacionada con la navegaci\u00f3n realizada.<\/p><p>En general, las cookies pueden servir para finalidades muy diversas, como, por ejemplo, reconocerle como usuario, obtener informaci\u00f3n sobre sus h\u00e1bitos de navegaci\u00f3n, o personalizar la forma en que se muestra el contenido del sitio web.<\/p><p>La instalaci\u00f3n de cookies en su equipo requiere de su previo consentimiento, a excepci\u00f3n de las cookies t\u00e9cnicas, que est\u00e1n exceptuadas de dicha obligaci\u00f3n puesto que son necesarias para el correcto funcionamiento y navegaci\u00f3n en nuestro Sitio Web.<\/p>\t\t\t\t\t\t\t\t<\/div>\n\t\t\t\t<\/div>\n\t\t\t\t\t<\/div>\n\t\t<\/div>\n\t\t\t\t\t<\/div>\n\t\t<\/section>\n\t\t\t\t<section class=\"elementor-section elementor-top-section elementor-element elementor-element-a1023b0 legal-padding elementor-section-boxed elementor-section-height-default elementor-section-height-default\" data-id=\"a1023b0\" data-element_type=\"section\" data-e-type=\"section\" data-settings=\"{&quot;animation&quot;:&quot;none&quot;}\">\n\t\t\t\t\t\t<div class=\"elementor-container elementor-column-gap-default\">\n\t\t\t\t\t<div class=\"elementor-column elementor-col-100 elementor-top-column elementor-element elementor-element-e057603\" data-id=\"e057603\" data-element_type=\"column\" data-e-type=\"column\">\n\t\t\t<div class=\"elementor-widget-wrap elementor-element-populated\">\n\t\t\t\t\t\t<div class=\"elementor-element elementor-element-69ddee5 legal-heading elementor-widget elementor-widget-heading\" data-id=\"69ddee5\" data-element_type=\"widget\" data-e-type=\"widget\" data-widget_type=\"heading.default\">\n\t\t\t\t<div class=\"elementor-widget-container\">\n\t\t\t\t\t<h2 class=\"elementor-heading-title elementor-size-default\">III. TIPOS DE COOKIES Y CU\u00c1LES UTILIZAMOS EN NUESTRO SITIO WEB<\/h2>\t\t\t\t<\/div>\n\t\t\t\t<\/div>\n\t\t\t\t<div class=\"elementor-element elementor-element-0215831 legal-p elementor-widget elementor-widget-text-editor\" data-id=\"0215831\" data-element_type=\"widget\" data-e-type=\"widget\" data-widget_type=\"text-editor.default\">\n\t\t\t\t<div class=\"elementor-widget-container\">\n\t\t\t\t\t\t\t\t\t<p>Existen diferentes tipos de cookies en funci\u00f3n de la entidad que las gestione, de la finalidad a la que se destine la informaci\u00f3n obtenida a trav\u00e9s de ellas y del tiempo que permanezcan activadas en su equipo.<\/p><p>A continuaci\u00f3n, encontrar\u00e1 una descripci\u00f3n general de los diferentes tipos de cookies que se utilizan m\u00e1s frecuentemente, si bien nuestro Sitio Web puede no hacer uso de todas ellas. Por ello, en el siguiente apartado le facilitaremos informaci\u00f3n detallada de cu\u00e1les son las que nosotros utilizamos y sus caracter\u00edsticas concretas.<\/p><p><strong>3.1. Tipos de cookies<\/strong><\/p><p>Seg\u00fan el tiempo que permanecen activadas, las cookies pueden ser de \u201csesi\u00f3n\u201d (se borran una vez el usuario abandona la p\u00e1gina web que las gener\u00f3) o \u201cpersistentes\u201d (permanecen en su dispositivo hasta una fecha determinada).<\/p><p>Asimismo, seg\u00fan la entidad que las gestione las hay \u201cpropias\u201d (aquellas creadas y gestionadas por el responsable del sitio web, en este caso, The Stein Group) o de \u201cterceros\u201d (aquellas administradas por proveedores de servicios ajenos a The Stein Group).<\/p><p>Seg\u00fan su finalidad podemos distinguir entre:<\/p><ul><li><strong>Cookies t\u00e9cnicas<\/strong>: Son aquellas que permiten al usuario la navegaci\u00f3n a trav\u00e9s del sitio web, utilizando las diferentes opciones o servicios que en \u00e9ste existen. Por ejemplo, permiten controlar el tr\u00e1fico y la comunicaci\u00f3n de datos, identificar la sesi\u00f3n, recordar los elementos que integran un pedido, realizar la solicitud de inscripci\u00f3n o participaci\u00f3n en un evento, etc.<\/li><\/ul><p>Para la instalaci\u00f3n de este tipo de cookies no es necesaria la obtenci\u00f3n del consentimiento del usuario, por ser un tipo de cookies que est\u00e1n exceptuadas de dicha obligaci\u00f3n.<\/p><ul><li><strong>Cookies de personalizaci\u00f3n: <\/strong>Son aquellas que permiten recordar informaci\u00f3n para que el usuario acceda al servicio con determinadas caracter\u00edsticas que pueden diferenciar su experiencia de la de otros usuarios, como, por ejemplo, el idioma, las secciones marcadas como favoritas, el aspecto o contenido del servicio en funci\u00f3n del tipo de navegador a trav\u00e9s del cual el usuario accede al servicio o de la regi\u00f3n desde la que accede al servicio, etc.<\/li><li><strong>Cookies de an\u00e1lisis:<\/strong> Son aquellas que permiten medir la actividad de los usuarios en el sitio web, con el fin de introducir mejoras en funci\u00f3n del an\u00e1lisis de los datos de uso que hacen los usuarios del servicio. Por ejemplo, permiten conocer el n\u00famero de usuarios que visitan el sitio web, as\u00ed como aquellas partes del mismo m\u00e1s visitadas.<\/li><li><strong>Cookies de Publicidad comportamental:<\/strong> Son aquellas que almacenan informaci\u00f3n del comportamiento de los usuarios obtenida a trav\u00e9s de la observaci\u00f3n continuada de sus h\u00e1bitos de navegaci\u00f3n, lo que permite ofrecerles publicidad personalizada en funci\u00f3n de los mismos.<\/li><\/ul><p><strong>3.2. Cookies que utilizamos en nuestro sitio web<\/strong><\/p><p>Nuestro Sitio Web utiliza \u00fanicamente cookies t\u00e9cnicas, para cuya instalaci\u00f3n no es necesaria la obtenci\u00f3n de su consentimiento.<\/p>\t\t\t\t\t\t\t\t<\/div>\n\t\t\t\t<\/div>\n\t\t\t\t\t<\/div>\n\t\t<\/div>\n\t\t\t\t\t<\/div>\n\t\t<\/section>\n\t\t\t\t<section class=\"elementor-section elementor-top-section elementor-element elementor-element-5b32459 legal-padding elementor-section-boxed elementor-section-height-default elementor-section-height-default\" data-id=\"5b32459\" data-element_type=\"section\" data-e-type=\"section\" data-settings=\"{&quot;animation&quot;:&quot;none&quot;}\">\n\t\t\t\t\t\t<div class=\"elementor-container elementor-column-gap-default\">\n\t\t\t\t\t<div class=\"elementor-column elementor-col-100 elementor-top-column elementor-element elementor-element-2e8fafb\" data-id=\"2e8fafb\" data-element_type=\"column\" data-e-type=\"column\">\n\t\t\t<div class=\"elementor-widget-wrap elementor-element-populated\">\n\t\t\t\t\t\t<div class=\"elementor-element elementor-element-f112370 legal-heading elementor-widget elementor-widget-heading\" data-id=\"f112370\" data-element_type=\"widget\" data-e-type=\"widget\" data-widget_type=\"heading.default\">\n\t\t\t\t<div class=\"elementor-widget-container\">\n\t\t\t\t\t<h2 class=\"elementor-heading-title elementor-size-default\">IV. FORMAS DE OTORGAR, DENEGAR O REVOCAR EL CONSENTIMIENTO PARA EL USO DE COOKIES<\/h2>\t\t\t\t<\/div>\n\t\t\t\t<\/div>\n\t\t\t\t<div class=\"elementor-element elementor-element-001dd1b legal-p elementor-widget elementor-widget-text-editor\" data-id=\"001dd1b\" data-element_type=\"widget\" data-e-type=\"widget\" data-widget_type=\"text-editor.default\">\n\t\t\t\t<div class=\"elementor-widget-container\">\n\t\t\t\t\t\t\t\t\t<p>Como se ha indicado, para la instalaci\u00f3n de las cookies t\u00e9cnicas no es necesaria la obtenci\u00f3n de su consentimiento.<\/p><p>No obstante, lo anterior, le informamos de que usted puede bloquear, deshabilitar o eliminar las cookies en cualquier momento sirvi\u00e9ndose de las herramientas proporcionadas por su navegador, si bien al tratarse de cookies t\u00e9cnicas esto podr\u00eda provocar que el sitio web no funcionase correctamente.<\/p><p>Para m\u00e1s informaci\u00f3n, le recomendamos que consulte la ayuda de su navegador acerca de c\u00f3mo gestionar las cookies. A continuaci\u00f3n, le facilitamos los enlaces a la informaci\u00f3n sobre c\u00f3mo gestionar el uso de cookies de los navegadores m\u00e1s com\u00fanmente utilizados:<\/p><ul><li><strong>Internet Explorer<\/strong>:<br \/><a href=\"https:\/\/support.microsoft.com\/es-es\/help\/17442\/windows-internet-explorer-delete-manage-cookies\">https:\/\/support.microsoft.com\/es-es\/help\/17442\/windows-internet-explorer-delete-manage-cookies<\/a><\/li><\/ul><p><strong>\u00a0<\/strong><\/p><ul><li><b>Microsoft Edge:<br \/><\/b><a style=\"text-transform: initial; font-family: var( --e-global-typography-secondary-font-family ), Sans-serif; font-weight: var( --e-global-typography-secondary-font-weight ); word-spacing: var( --e-global-typography-secondary-word-spacing );\" href=\"https:\/\/support.microsoft.com\/es-es\/help\/4027947\/microsoft-edge-delete-cookies\">https:\/\/support.microsoft.com\/es-es\/help\/4027947\/microsoft-edge-delete-cookies<\/a><\/li><\/ul><p>\u00a0<\/p><ul><li><strong>Google Chrome<\/strong>:<br \/><a href=\"https:\/\/support.google.com\/chrome\/answer\/95647?hl=es\">https:\/\/support.google.com\/chrome\/answer\/95647?hl=es<\/a><\/li><\/ul><ul><li><strong>Firefox<\/strong>:<br \/><a style=\"text-transform: initial; font-family: var( --e-global-typography-secondary-font-family ), Sans-serif; font-weight: var( --e-global-typography-secondary-font-weight ); word-spacing: var( --e-global-typography-secondary-word-spacing );\" href=\"https:\/\/support.mozilla.org\/es\/products\/firefox\/protect-your-privacy\/cookies\">https:\/\/support.mozilla.org\/es\/products\/firefox\/protect-your-privacy\/cookies<\/a><\/li><\/ul><p><strong>\u00a0<\/strong><\/p><ul><li><strong>Safari<\/strong>:<br \/><a href=\"https:\/\/support.apple.com\/es-es\/guide\/safari\/sfri11471\/mac\">https:\/\/support.apple.com\/es-es\/guide\/safari\/sfri11471\/mac<\/a><\/li><\/ul><ul><li><strong>Opera 19<\/strong>:<br \/><a href=\"http:\/\/help.opera.com\/Windows\/11.50\/es-ES\/cookies.html\">http:\/\/help.opera.com\/Windows\/11.50\/es-ES\/cookies.html<\/a><br \/><br \/><\/li><\/ul><p>Los enlaces anteriores pueden actualizarse por parte de las empresas desarrolladoras de dichos navegadores. En el caso de que alguno de los links facilitados no funcionara o no estuviera actualizado, puede acudir al men\u00fa \u201cAyuda\u201d de su navegador y seguir los pasos que en el mismo se indique. Asimismo, si desea tener un mayor control sobre la instalaci\u00f3n de cookies, puede instalar en su dispositivo programas o complementos a su navegador, conocidos como herramientas de \u201cDo Not Track\u201d, que le permitir\u00e1n escoger aquellas cookies que desea permitir.<\/p>\t\t\t\t\t\t\t\t<\/div>\n\t\t\t\t<\/div>\n\t\t\t\t\t<\/div>\n\t\t<\/div>\n\t\t\t\t\t<\/div>\n\t\t<\/section>\n\t\t\t\t<section class=\"elementor-section elementor-top-section elementor-element elementor-element-baebaf1 legal-padding elementor-section-boxed elementor-section-height-default elementor-section-height-default\" data-id=\"baebaf1\" data-element_type=\"section\" data-e-type=\"section\" data-settings=\"{&quot;animation&quot;:&quot;none&quot;}\">\n\t\t\t\t\t\t<div class=\"elementor-container elementor-column-gap-default\">\n\t\t\t\t\t<div class=\"elementor-column elementor-col-100 elementor-top-column elementor-element elementor-element-e56ea07\" data-id=\"e56ea07\" data-element_type=\"column\" data-e-type=\"column\">\n\t\t\t<div class=\"elementor-widget-wrap elementor-element-populated\">\n\t\t\t\t\t\t<div class=\"elementor-element elementor-element-8b2eefa legal-heading elementor-widget elementor-widget-heading\" data-id=\"8b2eefa\" data-element_type=\"widget\" data-e-type=\"widget\" data-widget_type=\"heading.default\">\n\t\t\t\t<div class=\"elementor-widget-container\">\n\t\t\t\t\t<h2 class=\"elementor-heading-title elementor-size-default\">V. TRATAMIENTO DE DATOS DE CAR\u00c1CTER PERSONAL A TRAV\u00c9S DE LAS COOKIES<\/h2>\t\t\t\t<\/div>\n\t\t\t\t<\/div>\n\t\t\t\t<div class=\"elementor-element elementor-element-af3cfd8 legal-p elementor-widget elementor-widget-text-editor\" data-id=\"af3cfd8\" data-element_type=\"widget\" data-e-type=\"widget\" data-widget_type=\"text-editor.default\">\n\t\t\t\t<div class=\"elementor-widget-container\">\n\t\t\t\t\t\t\t\t\t<p><strong>5.1. Responsable del Tratamiento<\/strong><\/p><p>El responsable del tratamiento del uso de las cookies realizado en este sitio web es:<\/p><p>THE STEIN GROUP S.L.<\/p><p>N.I.F: B07565153<\/p><p>Direcci\u00f3n: Calle Castillo son net, S\/N, Puigpunyent, 07194, Balearic Islands<\/p><p>Correo electr\u00f3nio: <a href=\"mailto:hr@thesteingroup.com\">hr@thesteingroup.com<\/a><\/p><p><strong>5.2. Transferencias de datos a terceros pa\u00edses<\/strong><\/p><p>Respecto de los datos recabados a trav\u00e9s de las cookies t\u00e9cnicas, \u00e9stos son tratados dentro del Espacio Econ\u00f3mico Europeo o en pa\u00edses que han sido declarados con un nivel adecuado de protecci\u00f3n.<\/p><p><strong>5.3. M\u00e1s informaci\u00f3n <\/strong><\/p><p>Le recomendamos que consulte nuestra\u00a0\u00a0para obtener m\u00e1s informaci\u00f3n acerca del tratamiento de datos personales que realizamos, as\u00ed como la forma de ejercer sus derechos y reclamaciones ante la autoridad de control correspondiente.<\/p>\t\t\t\t\t\t\t\t<\/div>\n\t\t\t\t<\/div>\n\t\t\t\t\t<\/div>\n\t\t<\/div>\n\t\t\t\t\t<\/div>\n\t\t<\/section>\n\t\t\t\t<section class=\"elementor-section elementor-top-section elementor-element elementor-element-627e9f5 legal-padding elementor-section-boxed elementor-section-height-default elementor-section-height-default\" data-id=\"627e9f5\" data-element_type=\"section\" data-e-type=\"section\" data-settings=\"{&quot;animation&quot;:&quot;none&quot;}\">\n\t\t\t\t\t\t<div class=\"elementor-container elementor-column-gap-default\">\n\t\t\t\t\t<div class=\"elementor-column elementor-col-100 elementor-top-column elementor-element elementor-element-ca265b2\" data-id=\"ca265b2\" data-element_type=\"column\" data-e-type=\"column\">\n\t\t\t<div class=\"elementor-widget-wrap elementor-element-populated\">\n\t\t\t\t\t\t<div class=\"elementor-element elementor-element-b67caa3 legal-heading elementor-widget elementor-widget-heading\" data-id=\"b67caa3\" data-element_type=\"widget\" data-e-type=\"widget\" data-widget_type=\"heading.default\">\n\t\t\t\t<div class=\"elementor-widget-container\">\n\t\t\t\t\t<h2 class=\"elementor-heading-title elementor-size-default\">VI. ACTUALIZACIONES Y CAMBIOS EN ESTA POL\u00cdTICA DE COOKIES<\/h2>\t\t\t\t<\/div>\n\t\t\t\t<\/div>\n\t\t\t\t<div class=\"elementor-element elementor-element-29164ea legal-p elementor-widget elementor-widget-text-editor\" data-id=\"29164ea\" data-element_type=\"widget\" data-e-type=\"widget\" data-widget_type=\"text-editor.default\">\n\t\t\t\t<div class=\"elementor-widget-container\">\n\t\t\t\t\t\t\t\t\t<p>Es posible que actualicemos la Pol\u00edtica de Cookies de nuestro Sitio Web. Por ello, le recomendamos revisar peri\u00f3dicamente esta pol\u00edtica con el objeto de estar convenientemente informado sobre el uso que hacemos de las cookies.<\/p>\t\t\t\t\t\t\t\t<\/div>\n\t\t\t\t<\/div>\n\t\t\t\t\t<\/div>\n\t\t<\/div>\n\t\t\t\t\t<\/div>\n\t\t<\/section>\n\t\t\t\t<\/div>\n\t\t","protected":false},"excerpt":{"rendered":"<p>Pol\u00edtica de Cookies I. OBJETO El sitio web\u00a0www.thesteingroup.com (en adelante, el \u201cSitio Web\u201d) es titularidad de THE STEIN GROUP S.L. (en adelante, \u2018\u2019The Stein Group\u2019\u2019). Esta Pol\u00edtica de Cookies tiene por objeto informarle de manera clara y precisa sobre las cookies que se utilizan en nuestro Sitio Web.\u00a0 II. \u00bfQU\u00c9 SON LAS COOKIES? Las cookies [&hellip;]<\/p>\n","protected":false},"author":1,"featured_media":0,"parent":0,"menu_order":0,"comment_status":"closed","ping_status":"closed","template":"","meta":{"footnotes":""},"class_list":["post-10230","page","type-page","status-publish","hentry"],"_links":{"self":[{"href":"https:\/\/thesteingroup.com\/es\/wp-json\/wp\/v2\/pages\/10230","targetHints":{"allow":["GET"]}}],"collection":[{"href":"https:\/\/thesteingroup.com\/es\/wp-json\/wp\/v2\/pages"}],"about":[{"href":"https:\/\/thesteingroup.com\/es\/wp-json\/wp\/v2\/types\/page"}],"author":[{"embeddable":true,"href":"https:\/\/thesteingroup.com\/es\/wp-json\/wp\/v2\/users\/1"}],"replies":[{"embeddable":true,"href":"https:\/\/thesteingroup.com\/es\/wp-json\/wp\/v2\/comments?post=10230"}],"version-history":[{"count":27,"href":"https:\/\/thesteingroup.com\/es\/wp-json\/wp\/v2\/pages\/10230\/revisions"}],"predecessor-version":[{"id":12172,"href":"https:\/\/thesteingroup.com\/es\/wp-json\/wp\/v2\/pages\/10230\/revisions\/12172"}],"wp:attachment":[{"href":"https:\/\/thesteingroup.com\/es\/wp-json\/wp\/v2\/media?parent=10230"}],"curies":[{"name":"wp","href":"https:\/\/api.w.org\/{rel}","templated":true}]}}