{"id":10226,"date":"2022-06-03T07:06:22","date_gmt":"2022-06-03T06:06:22","guid":{"rendered":"https:\/\/thesteingroup.com\/dev_tsg\/aviso-legal\/"},"modified":"2022-06-28T09:35:23","modified_gmt":"2022-06-28T08:35:23","slug":"aviso-legal","status":"publish","type":"page","link":"https:\/\/thesteingroup.com\/es\/aviso-legal\/","title":{"rendered":"Aviso Legal"},"content":{"rendered":"\t\t<div data-elementor-type=\"wp-page\" data-elementor-id=\"10226\" class=\"elementor elementor-10226 elementor-8944\" data-elementor-post-type=\"page\">\n\t\t\t\t\t\t<section class=\"elementor-section elementor-top-section elementor-element elementor-element-e3bed2d legal-padding elementor-section-boxed elementor-section-height-default elementor-section-height-default\" data-id=\"e3bed2d\" data-element_type=\"section\" data-e-type=\"section\" data-settings=\"{&quot;background_background&quot;:&quot;classic&quot;,&quot;animation&quot;:&quot;none&quot;}\">\n\t\t\t\t\t\t<div class=\"elementor-container elementor-column-gap-default\">\n\t\t\t\t\t<div class=\"elementor-column elementor-col-100 elementor-top-column elementor-element elementor-element-158ff6e2\" data-id=\"158ff6e2\" data-element_type=\"column\" data-e-type=\"column\">\n\t\t\t<div class=\"elementor-widget-wrap elementor-element-populated\">\n\t\t\t\t\t\t<div class=\"elementor-element elementor-element-192857e5 elementor-widget elementor-widget-heading\" data-id=\"192857e5\" data-element_type=\"widget\" data-e-type=\"widget\" data-widget_type=\"heading.default\">\n\t\t\t\t<div class=\"elementor-widget-container\">\n\t\t\t\t\t<h2 class=\"elementor-heading-title elementor-size-default\">Aviso Legal<\/h2>\t\t\t\t<\/div>\n\t\t\t\t<\/div>\n\t\t\t\t\t<\/div>\n\t\t<\/div>\n\t\t\t\t\t<\/div>\n\t\t<\/section>\n\t\t\t\t<section class=\"elementor-section elementor-top-section elementor-element elementor-element-232b26bf legal-padding elementor-section-boxed elementor-section-height-default elementor-section-height-default\" data-id=\"232b26bf\" data-element_type=\"section\" data-e-type=\"section\" data-settings=\"{&quot;animation&quot;:&quot;none&quot;}\">\n\t\t\t\t\t\t<div class=\"elementor-container elementor-column-gap-default\">\n\t\t\t\t\t<div class=\"elementor-column elementor-col-100 elementor-top-column elementor-element elementor-element-d2d4113\" data-id=\"d2d4113\" data-element_type=\"column\" data-e-type=\"column\">\n\t\t\t<div class=\"elementor-widget-wrap elementor-element-populated\">\n\t\t\t\t\t\t<div class=\"elementor-element elementor-element-05d2d99 legal-heading elementor-widget elementor-widget-heading\" data-id=\"05d2d99\" data-element_type=\"widget\" data-e-type=\"widget\" data-widget_type=\"heading.default\">\n\t\t\t\t<div class=\"elementor-widget-container\">\n\t\t\t\t\t<h2 class=\"elementor-heading-title elementor-size-default\">Informaci\u00f3n General y datos de la compa\u00f1\u00eda<\/h2>\t\t\t\t<\/div>\n\t\t\t\t<\/div>\n\t\t\t\t<div class=\"elementor-element elementor-element-c9f3ea3 legal-p elementor-widget elementor-widget-text-editor\" data-id=\"c9f3ea3\" data-element_type=\"widget\" data-e-type=\"widget\" data-widget_type=\"text-editor.default\">\n\t\t\t\t<div class=\"elementor-widget-container\">\n\t\t\t\t\t\t\t\t\t<p>El presente Aviso Legal regula el acceso y uso de los contenidos incluidos y accesibles a trav\u00e9s del sitio web www.thesteingroup.com (en adelante \u201cSitio Web\u201d), titularidad de la compa\u00f1\u00eda THE STEIN GROUP, S.L (en adelante, el \u201cSTEIN\u201d).<\/p><p>THE STEIN GROUP, S.L es una sociedad legalmente constituida conforme a la legislaci\u00f3n espa\u00f1ola con domicilio en Calle Castillo Son Net, S\/N, 07194 Puigpunyent, Baleares, Espa\u00f1a, y titular de CIF n\u00famero B07565153, e inscrita en el Registro Mercantil de Palma de Mallorca, Hoja PM-5723, Tomo 2110, Folio 99.<\/p><p>Con el mero acceso y uso del Sitio Web usted adquiere la condici\u00f3n de usuario de dicha web (en adelante, el \u201cUsuario\u201d), y acepta, sin reserva alguna, todas y cada una de condiciones que se establecen en el presente Aviso Legal. Asimismo, los usuarios y autoridades competentes pueden ponerse en contacto con STEIN de forma directa enviando un correo electr\u00f3nico a la direcci\u00f3n hr@thesteingroup.com <a href=\"mailto:hr@thesteingroup.com\">hr@thesteingroup.com<\/a>.<\/p><p>El Usuario puede consultar el presente Aviso Legal, archivarlo o imprimirlo en cualquier momento. No obstante lo anterior, es posible que el presente Aviso Legal var\u00ede con el tiempo como consecuencia de cambios en el Sitio Web, novedades legislativas, jurisprudenciales o el establecimiento de nuevos criterios de la Agencia Espa\u00f1ola de Protecci\u00f3n de Datos, y dem\u00e1s autoridades competentes. Por ello, STEIN se reserva el derecho a modificar el presente Aviso Legal y recomienda que los usuarios lo lean detenidamente siempre que accedan al Sitio Web.<\/p>\t\t\t\t\t\t\t\t<\/div>\n\t\t\t\t<\/div>\n\t\t\t\t\t<\/div>\n\t\t<\/div>\n\t\t\t\t\t<\/div>\n\t\t<\/section>\n\t\t\t\t<section class=\"elementor-section elementor-top-section elementor-element elementor-element-769288e legal-padding elementor-section-boxed elementor-section-height-default elementor-section-height-default\" data-id=\"769288e\" data-element_type=\"section\" data-e-type=\"section\" data-settings=\"{&quot;animation&quot;:&quot;none&quot;}\">\n\t\t\t\t\t\t<div class=\"elementor-container elementor-column-gap-default\">\n\t\t\t\t\t<div class=\"elementor-column elementor-col-100 elementor-top-column elementor-element elementor-element-af20d53\" data-id=\"af20d53\" data-element_type=\"column\" data-e-type=\"column\">\n\t\t\t<div class=\"elementor-widget-wrap elementor-element-populated\">\n\t\t\t\t\t\t<div class=\"elementor-element elementor-element-9b9e0e8 legal-heading elementor-widget elementor-widget-heading\" data-id=\"9b9e0e8\" data-element_type=\"widget\" data-e-type=\"widget\" data-widget_type=\"heading.default\">\n\t\t\t\t<div class=\"elementor-widget-container\">\n\t\t\t\t\t<h2 class=\"elementor-heading-title elementor-size-default\">Derechos de Propiedad Intelectual e Industrial<\/h2>\t\t\t\t<\/div>\n\t\t\t\t<\/div>\n\t\t\t\t<div class=\"elementor-element elementor-element-ee583db legal-p elementor-widget elementor-widget-text-editor\" data-id=\"ee583db\" data-element_type=\"widget\" data-e-type=\"widget\" data-widget_type=\"text-editor.default\">\n\t\t\t\t<div class=\"elementor-widget-container\">\n\t\t\t\t\t\t\t\t\t<p>El Sitio Web y su contenido son objeto de protecci\u00f3n en aplicaci\u00f3n de la normativa vigente nacional en materia de Propiedad Intelectual y\/o Industrial, as\u00ed como, en aplicaci\u00f3n de los convenios internacionales aplicables en la materia. En este sentido, STEIN es el titular o tiene debidamente licenciados todos los derechos de Propiedad Intelectual e Industrial sobre el Sitio web a t\u00edtulo enunciativo pero no limitativo, de sus contenidos y aplicaciones inform\u00e1ticas, en su caso, incluyendo cualquier modificaci\u00f3n, actualizaci\u00f3n y nuevas versiones as\u00ed como cualquier signo distintivo (registrado o no), marca, nombre comercial, know-how, derechos de autor, nombres de dominio y cualquier otro derecho de propiedad industrial o intelectual inherente al Sitio Web.<\/p><p>En base a lo anterior, el Usuario no adquiere ning\u00fan derecho de propiedad intelectual o industrial por el simple uso del Sitio Web y\/o de cualquiera de sus funcionalidades, con lo que, en ning\u00fan caso dicho uso ser\u00e1 considerado como una cesi\u00f3n, autorizaci\u00f3n o licencia para utilizar los contenidos del Sitio Web con fines distintos a los que se contemplan en el presente Aviso Legal.<\/p><p>Adem\u00e1s, STEIN se reserva el ejercicio de cuantas acciones legales le correspondan con el fin de cesar, impedir o perseguir cualquier uso il\u00edcito del Sitio Web o sus contenidos por el Usuario o por terceros, as\u00ed como para pertinentes para la defensa de sus derechos, t\u00edtulos e intereses, incluyendo la facultad de reclamar los da\u00f1os y perjuicios que correspondan. En ning\u00fan caso la falta de requerimiento por parte de STEIN al cese de uso del Sitio web o de sus contenidos il\u00edcitos o contrarios a las presentes condiciones podr\u00e1 entenderse como consentimiento t\u00e1cito por parte de STEIN a dichos usos o como una renuncia al ejercicio de cualquier acci\u00f3n legal que pudiera corresponderle.<\/p><p>En virtud de lo anterior, queda prohibida cualquier forma de reproducci\u00f3n, distribuci\u00f3n, comunicaci\u00f3n p\u00fablica, transformaci\u00f3n, puesta a disposici\u00f3n y, en general, cualquier otro acto de explotaci\u00f3n, tenga o no fines comerciales del Sitio web o de sus contenidos, sin el previo consentimiento expreso de STEIN. Asimismo, queda expresamente prohibido borrar los datos identificativos de STEIN como titular de los derechos de Propiedad Intelectual e Industrial del Sitio web o sus contenidos, aplicaciones, dise\u00f1o y forma de presentaci\u00f3n de sus contenidos, as\u00ed como su c\u00f3digo fuente y todos aquellos elementos que conformen la estructura y apariencia o look&amp;feel. Asimismo, el Usuario reconoce y acepta que queda prohibido descomponer, realizar ingenier\u00eda inversa o realizar obras derivadas del software que soporta el funcionamiento y acceso al Sitio Web y de los servicios contenidos en ella.<\/p>\t\t\t\t\t\t\t\t<\/div>\n\t\t\t\t<\/div>\n\t\t\t\t\t<\/div>\n\t\t<\/div>\n\t\t\t\t\t<\/div>\n\t\t<\/section>\n\t\t\t\t<section class=\"elementor-section elementor-top-section elementor-element elementor-element-a1023b0 legal-padding elementor-section-boxed elementor-section-height-default elementor-section-height-default\" data-id=\"a1023b0\" data-element_type=\"section\" data-e-type=\"section\" data-settings=\"{&quot;animation&quot;:&quot;none&quot;}\">\n\t\t\t\t\t\t<div class=\"elementor-container elementor-column-gap-default\">\n\t\t\t\t\t<div class=\"elementor-column elementor-col-100 elementor-top-column elementor-element elementor-element-e057603\" data-id=\"e057603\" data-element_type=\"column\" data-e-type=\"column\">\n\t\t\t<div class=\"elementor-widget-wrap elementor-element-populated\">\n\t\t\t\t\t\t<div class=\"elementor-element elementor-element-69ddee5 legal-heading elementor-widget elementor-widget-heading\" data-id=\"69ddee5\" data-element_type=\"widget\" data-e-type=\"widget\" data-widget_type=\"heading.default\">\n\t\t\t\t<div class=\"elementor-widget-container\">\n\t\t\t\t\t<h2 class=\"elementor-heading-title elementor-size-default\">Responsabilidades y garant\u00edas\n<\/h2>\t\t\t\t<\/div>\n\t\t\t\t<\/div>\n\t\t\t\t<div class=\"elementor-element elementor-element-0215831 legal-p elementor-widget elementor-widget-text-editor\" data-id=\"0215831\" data-element_type=\"widget\" data-e-type=\"widget\" data-widget_type=\"text-editor.default\">\n\t\t\t\t<div class=\"elementor-widget-container\">\n\t\t\t\t\t\t\t\t\t<p>El Usuario deber\u00e1 usar el Sitio Web y sus contenidos conforme a lo establecido en el presente Aviso Legal, la legislaci\u00f3n vigente y la buena fe. Queda expresamente prohibido cualquier uso de la web o sus contenidos contrario a las presentes condiciones generales, la ley o la buena fe, independientemente de que dicho uso tenga o no finalidad econ\u00f3mica. El Usuario ser\u00e1 responsable de cualquier da\u00f1o o perjuicio causado a STEIN o a terceros derivado directa o indirectamente de cualquier uso que el Usuario haga del Sitio Web o de sus contenidos contrario a las presentes condiciones, la ley, la moral, el orden p\u00fablico o la buena fe.<\/p><p>Para que el Sitio Web y sus contenidos est\u00e9n accesibles para el Usuario, STEIN requiere de servicios proporcionados por terceros. Es posible que a pesar de los esfuerzos que realiza STEIN para mantener el Sitio Web disponible y accesible para los usuarios, la disponibilidad de este puede verse suspendida, interrumpida o cancelada por causas ajenas a STEIN. Por lo anterior, STEIN no garantiza la inexistencia de interrupciones o errores en el acceso al Sitio Web o sus contenidos ni que estos se encuentren actualizados o se muestren siempre en su \u00faltima versi\u00f3n. En consecuencia, STEIN declina cualquier responsabilidad por los da\u00f1os o perjuicios que puedan derivarse al Usuario como consecuencia de la suspensi\u00f3n, interrupci\u00f3n, falta de continuidad, ca\u00edda de red o desconexi\u00f3n del Sitio Web.<\/p><p>En ning\u00fan caso y bajo ning\u00fan concepto responder\u00e1 STEIN por los da\u00f1os o perjuicios derivados al usuario de causas no imputables al STEIN tales como, a mero t\u00edtulo ejemplificativo y en ning\u00fan caso limitativo, cat\u00e1strofes naturales, situaciones de fuerza mayor o urgencia extrema, virus, componentes da\u00f1inos, mal funcionamiento del navegador, ca\u00eddas de red, intrusiones inform\u00e1ticas o ataques de terceros.<\/p>\t\t\t\t\t\t\t\t<\/div>\n\t\t\t\t<\/div>\n\t\t\t\t\t<\/div>\n\t\t<\/div>\n\t\t\t\t\t<\/div>\n\t\t<\/section>\n\t\t\t\t<section class=\"elementor-section elementor-top-section elementor-element elementor-element-a60b436 legal-padding elementor-section-boxed elementor-section-height-default elementor-section-height-default\" data-id=\"a60b436\" data-element_type=\"section\" data-e-type=\"section\" data-settings=\"{&quot;animation&quot;:&quot;none&quot;}\">\n\t\t\t\t\t\t<div class=\"elementor-container elementor-column-gap-default\">\n\t\t\t\t\t<div class=\"elementor-column elementor-col-100 elementor-top-column elementor-element elementor-element-fd48c27\" data-id=\"fd48c27\" data-element_type=\"column\" data-e-type=\"column\">\n\t\t\t<div class=\"elementor-widget-wrap elementor-element-populated\">\n\t\t\t\t\t\t<div class=\"elementor-element elementor-element-290944e legal-heading elementor-widget elementor-widget-heading\" data-id=\"290944e\" data-element_type=\"widget\" data-e-type=\"widget\" data-widget_type=\"heading.default\">\n\t\t\t\t<div class=\"elementor-widget-container\">\n\t\t\t\t\t<h2 class=\"elementor-heading-title elementor-size-default\">Dise\u00f1o y concepto\n<\/h2>\t\t\t\t<\/div>\n\t\t\t\t<\/div>\n\t\t\t\t<div class=\"elementor-element elementor-element-095f63b legal-p elementor-widget elementor-widget-text-editor\" data-id=\"095f63b\" data-element_type=\"widget\" data-e-type=\"widget\" data-widget_type=\"text-editor.default\">\n\t\t\t\t<div class=\"elementor-widget-container\">\n\t\t\t\t\t\t\t\t\t<p><span class=\"font-style\">Jalun Design | Barbara Tabery<br \/><a href=\"mailto:info@jalun-design.com\" target=\"_blank\" rel=\"nofollow noopener\">info@jalun-design.com<\/a><br \/><a href=\"http:\/\/www.jalun-design.com\/\" target=\"_blank\" rel=\"nofollow noopener\">www.jalun-design.com<\/a><\/span><\/p>\t\t\t\t\t\t\t\t<\/div>\n\t\t\t\t<\/div>\n\t\t\t\t\t<\/div>\n\t\t<\/div>\n\t\t\t\t\t<\/div>\n\t\t<\/section>\n\t\t\t\t<section class=\"elementor-section elementor-top-section elementor-element elementor-element-d071346 legal-padding elementor-section-boxed elementor-section-height-default elementor-section-height-default\" data-id=\"d071346\" data-element_type=\"section\" data-e-type=\"section\" data-settings=\"{&quot;animation&quot;:&quot;none&quot;}\">\n\t\t\t\t\t\t<div class=\"elementor-container elementor-column-gap-default\">\n\t\t\t\t\t<div class=\"elementor-column elementor-col-100 elementor-top-column elementor-element elementor-element-0b1fc06\" data-id=\"0b1fc06\" data-element_type=\"column\" data-e-type=\"column\">\n\t\t\t<div class=\"elementor-widget-wrap elementor-element-populated\">\n\t\t\t\t\t\t<div class=\"elementor-element elementor-element-20118ff legal-heading elementor-widget elementor-widget-heading\" data-id=\"20118ff\" data-element_type=\"widget\" data-e-type=\"widget\" data-widget_type=\"heading.default\">\n\t\t\t\t<div class=\"elementor-widget-container\">\n\t\t\t\t\t<h2 class=\"elementor-heading-title elementor-size-default\">Realizaci\u00f3n del sitio web<\/h2>\t\t\t\t<\/div>\n\t\t\t\t<\/div>\n\t\t\t\t<div class=\"elementor-element elementor-element-d542bbf legal-p elementor-widget elementor-widget-text-editor\" data-id=\"d542bbf\" data-element_type=\"widget\" data-e-type=\"widget\" data-widget_type=\"text-editor.default\">\n\t\t\t\t<div class=\"elementor-widget-container\">\n\t\t\t\t\t\t\t\t\t<p>FRAMEONE MEDIA DESIGN | MADRID | DENIA<br \/><a href=\"mailto:info@frameone.es\" target=\"_blank\" rel=\"nofollow noopener\">info@frameone.es<\/a><br \/><a href=\"http:\/\/www.frameone.es\/\" target=\"_blank\" rel=\"nofollow noopener\">www.frameone.es<\/a><\/p>\t\t\t\t\t\t\t\t<\/div>\n\t\t\t\t<\/div>\n\t\t\t\t\t<\/div>\n\t\t<\/div>\n\t\t\t\t\t<\/div>\n\t\t<\/section>\n\t\t\t\t<section class=\"elementor-section elementor-top-section elementor-element elementor-element-c7a4d0c legal-padding elementor-section-boxed elementor-section-height-default elementor-section-height-default\" data-id=\"c7a4d0c\" data-element_type=\"section\" data-e-type=\"section\" data-settings=\"{&quot;animation&quot;:&quot;none&quot;}\">\n\t\t\t\t\t\t<div class=\"elementor-container elementor-column-gap-default\">\n\t\t\t\t\t<div class=\"elementor-column elementor-col-100 elementor-top-column elementor-element elementor-element-5c4d27a\" data-id=\"5c4d27a\" data-element_type=\"column\" data-e-type=\"column\">\n\t\t\t<div class=\"elementor-widget-wrap elementor-element-populated\">\n\t\t\t\t\t\t<div class=\"elementor-element elementor-element-2b34ed6 legal-heading elementor-widget elementor-widget-heading\" data-id=\"2b34ed6\" data-element_type=\"widget\" data-e-type=\"widget\" data-widget_type=\"heading.default\">\n\t\t\t\t<div class=\"elementor-widget-container\">\n\t\t\t\t\t<h2 class=\"elementor-heading-title elementor-size-default\">Copyright im\u00e1genes<\/h2>\t\t\t\t<\/div>\n\t\t\t\t<\/div>\n\t\t\t\t<div class=\"elementor-element elementor-element-0b3eaef legal-p elementor-widget elementor-widget-text-editor\" data-id=\"0b3eaef\" data-element_type=\"widget\" data-e-type=\"widget\" data-widget_type=\"text-editor.default\">\n\t\t\t\t<div class=\"elementor-widget-container\">\n\t\t\t\t\t\t\t\t\t<p>\u00a9The Stein Group<br \/>\u00a9Taka|Alamy Stock Photo<br \/>\u00a9Hemis|Alamy Stock Photo<br \/>\u00a9Image Professionals GmbH|Alamy Stock Photo<\/p>\t\t\t\t\t\t\t\t<\/div>\n\t\t\t\t<\/div>\n\t\t\t\t\t<\/div>\n\t\t<\/div>\n\t\t\t\t\t<\/div>\n\t\t<\/section>\n\t\t\t\t<\/div>\n\t\t","protected":false},"excerpt":{"rendered":"<p>Aviso Legal Informaci\u00f3n General y datos de la compa\u00f1\u00eda El presente Aviso Legal regula el acceso y uso de los contenidos incluidos y accesibles a trav\u00e9s del sitio web www.thesteingroup.com (en adelante \u201cSitio Web\u201d), titularidad de la compa\u00f1\u00eda THE STEIN GROUP, S.L (en adelante, el \u201cSTEIN\u201d). THE STEIN GROUP, S.L es una sociedad legalmente constituida [&hellip;]<\/p>\n","protected":false},"author":1,"featured_media":0,"parent":0,"menu_order":0,"comment_status":"closed","ping_status":"closed","template":"","meta":{"footnotes":""},"class_list":["post-10226","page","type-page","status-publish","hentry"],"_links":{"self":[{"href":"https:\/\/thesteingroup.com\/es\/wp-json\/wp\/v2\/pages\/10226","targetHints":{"allow":["GET"]}}],"collection":[{"href":"https:\/\/thesteingroup.com\/es\/wp-json\/wp\/v2\/pages"}],"about":[{"href":"https:\/\/thesteingroup.com\/es\/wp-json\/wp\/v2\/types\/page"}],"author":[{"embeddable":true,"href":"https:\/\/thesteingroup.com\/es\/wp-json\/wp\/v2\/users\/1"}],"replies":[{"embeddable":true,"href":"https:\/\/thesteingroup.com\/es\/wp-json\/wp\/v2\/comments?post=10226"}],"version-history":[{"count":18,"href":"https:\/\/thesteingroup.com\/es\/wp-json\/wp\/v2\/pages\/10226\/revisions"}],"predecessor-version":[{"id":12178,"href":"https:\/\/thesteingroup.com\/es\/wp-json\/wp\/v2\/pages\/10226\/revisions\/12178"}],"wp:attachment":[{"href":"https:\/\/thesteingroup.com\/es\/wp-json\/wp\/v2\/media?parent=10226"}],"curies":[{"name":"wp","href":"https:\/\/api.w.org\/{rel}","templated":true}]}}