{"id":10033,"date":"2022-03-28T10:23:29","date_gmt":"2022-03-28T09:23:29","guid":{"rendered":"https:\/\/thesteingroup.com\/dev_tsg\/servicios\/"},"modified":"2022-08-16T19:29:38","modified_gmt":"2022-08-16T18:29:38","slug":"servicios","status":"publish","type":"page","link":"https:\/\/thesteingroup.com\/es\/servicios\/","title":{"rendered":"Servicios"},"content":{"rendered":"\t\t<div data-elementor-type=\"wp-page\" data-elementor-id=\"10033\" class=\"elementor elementor-10033 elementor-553\" data-elementor-post-type=\"page\">\n\t\t\t\t\t\t<section class=\"elementor-section elementor-top-section elementor-element elementor-element-69812e2e elementor-section-boxed elementor-section-height-default elementor-section-height-default\" data-id=\"69812e2e\" data-element_type=\"section\" data-e-type=\"section\" data-settings=\"{&quot;background_background&quot;:&quot;classic&quot;,&quot;animation&quot;:&quot;none&quot;}\">\n\t\t\t\t\t\t<div class=\"elementor-container elementor-column-gap-default\">\n\t\t\t\t\t<div class=\"elementor-column elementor-col-100 elementor-top-column elementor-element elementor-element-786bedd7\" data-id=\"786bedd7\" data-element_type=\"column\" data-e-type=\"column\">\n\t\t\t<div class=\"elementor-widget-wrap elementor-element-populated\">\n\t\t\t\t\t\t<div class=\"elementor-element elementor-element-55ccd60b hl-red-our-xyz elementor-widget elementor-widget-text-editor\" data-id=\"55ccd60b\" data-element_type=\"widget\" data-e-type=\"widget\" data-widget_type=\"text-editor.default\">\n\t\t\t\t<div class=\"elementor-widget-container\">\n\t\t\t\t\t\t\t\t\t<p>NUESTROS SERVICIOS<\/p>\t\t\t\t\t\t\t\t<\/div>\n\t\t\t\t<\/div>\n\t\t\t\t<div class=\"elementor-element elementor-element-658b3481 elementor-widget elementor-widget-heading\" data-id=\"658b3481\" data-element_type=\"widget\" data-e-type=\"widget\" data-widget_type=\"heading.default\">\n\t\t\t\t<div class=\"elementor-widget-container\">\n\t\t\t\t\t<h2 class=\"elementor-heading-title elementor-size-default\">Nuestra experiencia y conocimientos nos permiten orquestar proyectos desde su concepci\u00f3n hasta su finalizaci\u00f3n, as\u00ed como gestionar el d\u00eda a d\u00eda de la operativa del hotel.<\/h2>\t\t\t\t<\/div>\n\t\t\t\t<\/div>\n\t\t\t\t\t<\/div>\n\t\t<\/div>\n\t\t\t\t\t<\/div>\n\t\t<\/section>\n\t\t\t\t<section class=\"elementor-section elementor-top-section elementor-element elementor-element-99d6b53 elementor-section-boxed elementor-section-height-default elementor-section-height-default\" data-id=\"99d6b53\" data-element_type=\"section\" data-e-type=\"section\" data-settings=\"{&quot;animation&quot;:&quot;none&quot;}\">\n\t\t\t\t\t\t<div class=\"elementor-container elementor-column-gap-default\">\n\t\t\t\t\t<div class=\"elementor-column elementor-col-100 elementor-top-column elementor-element elementor-element-5c6d754\" data-id=\"5c6d754\" data-element_type=\"column\" data-e-type=\"column\">\n\t\t\t<div class=\"elementor-widget-wrap elementor-element-populated\">\n\t\t\t\t\t\t<div class=\"elementor-element elementor-element-08cdf65 elementor-align-center elementor-widget elementor-widget-lottie\" data-id=\"08cdf65\" data-element_type=\"widget\" data-e-type=\"widget\" data-settings=\"{&quot;source_json&quot;:{&quot;url&quot;:&quot;https:\\\/\\\/thesteingroup.com\\\/dev_tsg\\\/wp-content\\\/uploads\\\/2022\\\/06\\\/tsg-animation-service-es.json&quot;,&quot;id&quot;:10118,&quot;size&quot;:&quot;&quot;,&quot;alt&quot;:&quot;&quot;,&quot;source&quot;:&quot;library&quot;},&quot;viewport&quot;:{&quot;unit&quot;:&quot;%&quot;,&quot;size&quot;:&quot;&quot;,&quot;sizes&quot;:{&quot;start&quot;:33,&quot;end&quot;:67}},&quot;play_speed&quot;:{&quot;unit&quot;:&quot;px&quot;,&quot;size&quot;:2,&quot;sizes&quot;:[]},&quot;lazyload&quot;:&quot;yes&quot;,&quot;source&quot;:&quot;media_file&quot;,&quot;caption_source&quot;:&quot;none&quot;,&quot;link_to&quot;:&quot;none&quot;,&quot;trigger&quot;:&quot;arriving_to_viewport&quot;,&quot;start_point&quot;:{&quot;unit&quot;:&quot;%&quot;,&quot;size&quot;:0,&quot;sizes&quot;:[]},&quot;end_point&quot;:{&quot;unit&quot;:&quot;%&quot;,&quot;size&quot;:100,&quot;sizes&quot;:[]},&quot;renderer&quot;:&quot;svg&quot;}\" data-widget_type=\"lottie.default\">\n\t\t\t\t<div class=\"elementor-widget-container\">\n\t\t\t\t\t<div class=\"e-lottie__container\"><div class=\"e-lottie__animation\"><\/div><\/div>\t\t\t\t<\/div>\n\t\t\t\t<\/div>\n\t\t\t\t\t<\/div>\n\t\t<\/div>\n\t\t\t\t\t<\/div>\n\t\t<\/section>\n\t\t\t\t<section class=\"elementor-section elementor-top-section elementor-element elementor-element-8aa5cbd elementor-section-boxed elementor-section-height-default elementor-section-height-default elementor-invisible\" data-id=\"8aa5cbd\" data-element_type=\"section\" data-e-type=\"section\" id=\"tsg-services\" data-settings=\"{&quot;animation&quot;:&quot;slideInUp&quot;,&quot;background_background&quot;:&quot;classic&quot;}\">\n\t\t\t\t\t\t\t<div class=\"elementor-background-overlay\"><\/div>\n\t\t\t\t\t\t\t<div class=\"elementor-container elementor-column-gap-extended\">\n\t\t\t\t\t<div class=\"elementor-column elementor-col-100 elementor-top-column elementor-element elementor-element-fe95368\" data-id=\"fe95368\" data-element_type=\"column\" data-e-type=\"column\">\n\t\t\t<div class=\"elementor-widget-wrap elementor-element-populated\">\n\t\t\t\t\t\t<div class=\"elementor-element elementor-element-392d469 elementor-widget elementor-widget-qi_addons_for_elementor_accordion\" data-id=\"392d469\" data-element_type=\"widget\" data-e-type=\"widget\" data-widget_type=\"qi_addons_for_elementor_accordion.default\">\n\t\t\t\t<div class=\"elementor-widget-container\">\n\t\t\t\t\t<div class=\"qodef-shortcode qodef-m qodef-qi-accordion qodef-qi-clear qodef-behavior--accordion qodef-layout--simple qodef-style--border-between qodef-height--content\">\n\t<h3 class=\"qodef-e-title-holder\">\n\t<span class=\"qodef-e-title\">01 &nbsp;Dise\u00f1o T\u00e9cnico y Desarrollo &nbsp;<\/span>\n\t<span class=\"qodef-e-mark\">\n\t\t<span class=\"qodef-icon--plus\">\n\t\t\t\t<span class=\"qodef-e-icon\">\n\t\t<i aria-hidden=\"true\" class=\"fas fa-plus\"><\/i>\t<\/span>\n\t\t\t<\/span>\n\t\t<span class=\"qodef-icon--minus\">\n\t\t\t\t<span class=\"qodef-e-icon\">\n\t\t<i aria-hidden=\"true\" class=\"fas fa-minus\"><\/i>\t<\/span>\n\t\t\t<\/span>\n\t<\/span>\n<\/h3>\n<div class=\"qodef-e-content\">\n\t<div class=\"qodef-e-content-inner\">\n\t\t<ul>\n \t<li>Estudios de viabilidad financiera<\/li>\n \t<li>Presentaci\u00f3n de informes sobre dise\u00f1o de proyectos<\/li>\n \t<li>Elaboraci\u00f3n de presupuestos detallados<\/li>\n \t<li>Recomendaci\u00f3n de proveedores para requisitos t\u00e9cnicos<\/li>\n \t<li>Coordinaci\u00f3n del dise\u00f1o, documentaci\u00f3n, presupuesto, planificaci\u00f3n y ejecuci\u00f3n de los proyectos<\/li>\n \t<li>Inspecciones durante el proceso de construcci\u00f3n<\/li>\n<\/ul>\t<\/div>\n<\/div>\n<h3 class=\"qodef-e-title-holder\">\n\t<span class=\"qodef-e-title\">02 &nbsp;Servicios de Preapertura<\/span>\n\t<span class=\"qodef-e-mark\">\n\t\t<span class=\"qodef-icon--plus\">\n\t\t\t\t<span class=\"qodef-e-icon\">\n\t\t<i aria-hidden=\"true\" class=\"fas fa-plus\"><\/i>\t<\/span>\n\t\t\t<\/span>\n\t\t<span class=\"qodef-icon--minus\">\n\t\t\t\t<span class=\"qodef-e-icon\">\n\t\t<i aria-hidden=\"true\" class=\"fas fa-minus\"><\/i>\t<\/span>\n\t\t\t<\/span>\n\t<\/span>\n<\/h3>\n<div class=\"qodef-e-content\">\n\t<div class=\"qodef-e-content-inner\">\n\t\t<ul>\n \t<li>Desarrollo del plan de negocio y presupuesto para la preapertura<\/li>\n \t<li>Elaboraci\u00f3n del plan de acci\u00f3n comercial, de marketing y relaciones p\u00fablicas para la preapertura<\/li>\n \t<li>Inicio de la venta anticipada en todos los canales de distribuci\u00f3n<\/li>\n \t<li>Dise\u00f1o e implementaci\u00f3n de todos los procesos operativos<\/li>\n \t<li>Definici\u00f3n de las metas, objetivos y planes de acci\u00f3n de todos los departamentos<\/li>\n \t<li>Planificaci\u00f3n e implementaci\u00f3n de la estrategia del soft opening<\/li>\n<\/ul>\t<\/div>\n<\/div>\n<h3 class=\"qodef-e-title-holder\">\n\t<span class=\"qodef-e-title\">03 &nbsp;Gesti\u00f3n Hotelera<\/span>\n\t<span class=\"qodef-e-mark\">\n\t\t<span class=\"qodef-icon--plus\">\n\t\t\t\t<span class=\"qodef-e-icon\">\n\t\t<i aria-hidden=\"true\" class=\"fas fa-plus\"><\/i>\t<\/span>\n\t\t\t<\/span>\n\t\t<span class=\"qodef-icon--minus\">\n\t\t\t\t<span class=\"qodef-e-icon\">\n\t\t<i aria-hidden=\"true\" class=\"fas fa-minus\"><\/i>\t<\/span>\n\t\t\t<\/span>\n\t<\/span>\n<\/h3>\n<div class=\"qodef-e-content\">\n\t<div class=\"qodef-e-content-inner\">\n\t\t<ul><li>Facilitar gesti\u00f3n completa de la operativa<\/li><li>Proporcionar soporte espec\u00edfico a los departamentos<\/li><li>Creaci\u00f3n de modelos de control e informes<\/li><li>Desarrollo e implementaci\u00f3n de las estrategias de ventas, marketing y gesti\u00f3n de ingresos<\/li><li>Dise\u00f1o del organigrama y optimizaci\u00f3n del personal para cada departamento del hotel<\/li><li>Dise\u00f1o e implementaci\u00f3n de todos los procesos operativos<\/li><\/ul>\t<\/div>\n<\/div>\n<h3 class=\"qodef-e-title-holder\">\n\t<span class=\"qodef-e-title\">04 &nbsp;Optimizaci\u00f3n financiera<\/span>\n\t<span class=\"qodef-e-mark\">\n\t\t<span class=\"qodef-icon--plus\">\n\t\t\t\t<span class=\"qodef-e-icon\">\n\t\t<i aria-hidden=\"true\" class=\"fas fa-plus\"><\/i>\t<\/span>\n\t\t\t<\/span>\n\t\t<span class=\"qodef-icon--minus\">\n\t\t\t\t<span class=\"qodef-e-icon\">\n\t\t<i aria-hidden=\"true\" class=\"fas fa-minus\"><\/i>\t<\/span>\n\t\t\t<\/span>\n\t<\/span>\n<\/h3>\n<div class=\"qodef-e-content\">\n\t<div class=\"qodef-e-content-inner\">\n\t\t<ul><li>Ejecuci\u00f3n de auditor\u00edas en todos los departamentos<\/li><li>Dise\u00f1o de estrategias globales con el plan de acci\u00f3n departamental<\/li><li>Elaboraci\u00f3n de nuevas proyecciones financieras con el cronograma correspondiente<\/li><li>Optimizaci\u00f3n de gastos y reducci\u00f3n general significativa de los costes<\/li><li>Conversi\u00f3n de \u00e1reas deficitarias en \u00e1reas generadoras de ingresos<\/li><\/ul>\t<\/div>\n<\/div>\n<\/div>\n\t\t\t\t<\/div>\n\t\t\t\t<\/div>\n\t\t\t\t\t<\/div>\n\t\t<\/div>\n\t\t\t\t\t<\/div>\n\t\t<\/section>\n\t\t\t\t<section class=\"elementor-section elementor-top-section elementor-element elementor-element-535fee81 elementor-section-height-min-height elementor-section-items-bottom elementor-hidden-mobile elementor-section-boxed elementor-section-height-default\" data-id=\"535fee81\" data-element_type=\"section\" data-e-type=\"section\" data-settings=\"{&quot;background_background&quot;:&quot;classic&quot;,&quot;animation&quot;:&quot;none&quot;}\">\n\t\t\t\t\t\t<div class=\"elementor-container elementor-column-gap-no\">\n\t\t\t\t\t<div class=\"elementor-column elementor-col-100 elementor-top-column elementor-element elementor-element-680cbed3\" data-id=\"680cbed3\" data-element_type=\"column\" data-e-type=\"column\">\n\t\t\t<div class=\"elementor-widget-wrap elementor-element-populated\">\n\t\t\t\t\t\t<div class=\"elementor-element elementor-element-703832f4 elementor-invisible elementor-widget elementor-widget-heading\" data-id=\"703832f4\" data-element_type=\"widget\" data-e-type=\"widget\" data-settings=\"{&quot;_animation&quot;:&quot;fadeInDown&quot;}\" data-widget_type=\"heading.default\">\n\t\t\t\t<div class=\"elementor-widget-container\">\n\t\t\t\t\t<h2 class=\"elementor-heading-title elementor-size-default\">Dise\u00f1amos soluciones personalizadas y proporcionamos respuestas hechas a medida que se ajustan al contexto y realidad concreta de cada hotel y resort.<\/h2>\t\t\t\t<\/div>\n\t\t\t\t<\/div>\n\t\t\t\t<div class=\"elementor-element elementor-element-53cb1d04 elementor-widget elementor-widget-spacer\" data-id=\"53cb1d04\" data-element_type=\"widget\" data-e-type=\"widget\" data-widget_type=\"spacer.default\">\n\t\t\t\t<div class=\"elementor-widget-container\">\n\t\t\t\t\t\t\t<div class=\"elementor-spacer\">\n\t\t\t<div class=\"elementor-spacer-inner\"><\/div>\n\t\t<\/div>\n\t\t\t\t\t\t<\/div>\n\t\t\t\t<\/div>\n\t\t\t\t\t<\/div>\n\t\t<\/div>\n\t\t\t\t\t<\/div>\n\t\t<\/section>\n\t\t\t\t<section class=\"elementor-section elementor-top-section elementor-element elementor-element-68aa1023 elementor-section-height-min-height elementor-section-items-bottom elementor-hidden-widescreen elementor-hidden-desktop elementor-hidden-laptop elementor-hidden-tablet elementor-hidden-mobile_extra elementor-section-boxed elementor-section-height-default\" data-id=\"68aa1023\" data-element_type=\"section\" data-e-type=\"section\" data-settings=\"{&quot;background_background&quot;:&quot;classic&quot;,&quot;animation&quot;:&quot;none&quot;}\">\n\t\t\t\t\t\t\t<div class=\"elementor-background-overlay\"><\/div>\n\t\t\t\t\t\t\t<div class=\"elementor-container elementor-column-gap-no\">\n\t\t\t\t\t<div class=\"elementor-column elementor-col-100 elementor-top-column elementor-element elementor-element-3432314f\" data-id=\"3432314f\" data-element_type=\"column\" data-e-type=\"column\" data-settings=\"{&quot;background_background&quot;:&quot;classic&quot;}\">\n\t\t\t<div class=\"elementor-widget-wrap elementor-element-populated\">\n\t\t\t\t\t\t<div class=\"elementor-element elementor-element-1ff22e42 elementor-invisible elementor-widget elementor-widget-heading\" data-id=\"1ff22e42\" data-element_type=\"widget\" data-e-type=\"widget\" data-settings=\"{&quot;_animation&quot;:&quot;fadeInDown&quot;}\" data-widget_type=\"heading.default\">\n\t\t\t\t<div class=\"elementor-widget-container\">\n\t\t\t\t\t<h2 class=\"elementor-heading-title elementor-size-default\">Dise\u00f1amos soluciones personalizadas y proporcionamos respuestas hechas a medida que se ajustan al contexto y realidad concreta de cada hotel y resort.<\/h2>\t\t\t\t<\/div>\n\t\t\t\t<\/div>\n\t\t\t\t<div class=\"elementor-element elementor-element-aa6e9b7 elementor-widget elementor-widget-spacer\" data-id=\"aa6e9b7\" data-element_type=\"widget\" data-e-type=\"widget\" data-widget_type=\"spacer.default\">\n\t\t\t\t<div class=\"elementor-widget-container\">\n\t\t\t\t\t\t\t<div class=\"elementor-spacer\">\n\t\t\t<div class=\"elementor-spacer-inner\"><\/div>\n\t\t<\/div>\n\t\t\t\t\t\t<\/div>\n\t\t\t\t<\/div>\n\t\t\t\t\t<\/div>\n\t\t<\/div>\n\t\t\t\t\t<\/div>\n\t\t<\/section>\n\t\t\t\t<\/div>\n\t\t","protected":false},"excerpt":{"rendered":"<p>NUESTROS SERVICIOS Nuestra experiencia y conocimientos nos permiten orquestar proyectos desde su concepci\u00f3n hasta su finalizaci\u00f3n, as\u00ed como gestionar el d\u00eda a d\u00eda de la operativa del hotel. 01 &nbsp;Dise\u00f1o T\u00e9cnico y Desarrollo &nbsp; Estudios de viabilidad financiera Presentaci\u00f3n de informes sobre dise\u00f1o de proyectos Elaboraci\u00f3n de presupuestos detallados Recomendaci\u00f3n de proveedores para requisitos t\u00e9cnicos [&hellip;]<\/p>\n","protected":false},"author":1,"featured_media":0,"parent":0,"menu_order":0,"comment_status":"closed","ping_status":"closed","template":"","meta":{"footnotes":""},"class_list":["post-10033","page","type-page","status-publish","hentry"],"_links":{"self":[{"href":"https:\/\/thesteingroup.com\/es\/wp-json\/wp\/v2\/pages\/10033","targetHints":{"allow":["GET"]}}],"collection":[{"href":"https:\/\/thesteingroup.com\/es\/wp-json\/wp\/v2\/pages"}],"about":[{"href":"https:\/\/thesteingroup.com\/es\/wp-json\/wp\/v2\/types\/page"}],"author":[{"embeddable":true,"href":"https:\/\/thesteingroup.com\/es\/wp-json\/wp\/v2\/users\/1"}],"replies":[{"embeddable":true,"href":"https:\/\/thesteingroup.com\/es\/wp-json\/wp\/v2\/comments?post=10033"}],"version-history":[{"count":63,"href":"https:\/\/thesteingroup.com\/es\/wp-json\/wp\/v2\/pages\/10033\/revisions"}],"predecessor-version":[{"id":12292,"href":"https:\/\/thesteingroup.com\/es\/wp-json\/wp\/v2\/pages\/10033\/revisions\/12292"}],"wp:attachment":[{"href":"https:\/\/thesteingroup.com\/es\/wp-json\/wp\/v2\/media?parent=10033"}],"curies":[{"name":"wp","href":"https:\/\/api.w.org\/{rel}","templated":true}]}}